{"id":34,"date":"2026-03-07T16:41:21","date_gmt":"2026-03-07T16:41:21","guid":{"rendered":"http:\/\/renaissancecapillaire.nekerasignature.com\/?page_id=34"},"modified":"2026-03-20T14:10:10","modified_gmt":"2026-03-20T14:10:10","slug":"accueil","status":"publish","type":"page","link":"http:\/\/renaissancecapillaire.nekerasignature.com\/","title":{"rendered":"Accueil"},"content":{"rendered":"\t\t<div data-elementor-type=\"wp-post\" data-elementor-id=\"34\" class=\"elementor elementor-34\">\n\t\t\t\t<div class=\"elementor-element elementor-element-e18a432 e-flex e-con-boxed e-con e-parent\" data-id=\"e18a432\" data-element_type=\"container\" data-e-type=\"container\" data-settings=\"{&quot;background_background&quot;:&quot;classic&quot;}\">\n\t\t\t\t\t<div class=\"e-con-inner\">\n\t\t\t\t<div class=\"elementor-element elementor-element-72f8fa2 elementor-widget-divider--view-line elementor-widget elementor-widget-divider\" data-id=\"72f8fa2\" data-element_type=\"widget\" data-e-type=\"widget\" data-widget_type=\"divider.default\">\n\t\t\t\t\t\t\t<div class=\"elementor-divider\">\n\t\t\t<span class=\"elementor-divider-separator\">\n\t\t\t\t\t\t<\/span>\n\t\t<\/div>\n\t\t\t\t\t\t<\/div>\n\t\t\t\t<div class=\"elementor-element elementor-element-160496d elementor-widget elementor-widget-heading\" data-id=\"160496d\" data-element_type=\"widget\" data-e-type=\"widget\" data-widget_type=\"heading.default\">\n\t\t\t\t\t<h2 class=\"elementor-heading-title elementor-size-default\">Renaissance Capillaire<\/h2>\t\t\t\t<\/div>\n\t\t\t\t<div class=\"elementor-element elementor-element-1bfa9fd elementor-widget elementor-widget-text-editor\" data-id=\"1bfa9fd\" data-element_type=\"widget\" data-e-type=\"widget\" data-widget_type=\"text-editor.default\">\n\t\t\t\t\t\t\t\t\t<p data-start=\"716\" data-end=\"746\">R\u00e9parer. Ajuster. Accompagner.<\/p><p data-start=\"748\" data-end=\"825\">Un espace confidentiel d\u00e9di\u00e9 \u00e0 la r\u00e9paration<br data-start=\"792\" data-end=\"795\" \/>et \u00e0 l\u2019entretien de perruques.<\/p>\t\t\t\t\t\t\t\t<\/div>\n\t\t\t\t<div class=\"elementor-element elementor-element-19c900e elementor-align-center elementor-widget elementor-widget-button\" data-id=\"19c900e\" data-element_type=\"widget\" data-e-type=\"widget\" data-widget_type=\"button.default\">\n\t\t\t\t\t\t\t\t\t\t<a class=\"elementor-button elementor-button-link elementor-size-sm\" href=\"http:\/\/renaissancecapillaire.nekerasignature.com\/index.php\/contact-prendre-rdv\/\">\n\t\t\t\t\t\t<span class=\"elementor-button-content-wrapper\">\n\t\t\t\t\t\t<span class=\"elementor-button-icon\">\n\t\t\t\t<svg aria-hidden=\"true\" class=\"e-font-icon-svg e-far-calendar-alt\" viewBox=\"0 0 448 512\" xmlns=\"http:\/\/www.w3.org\/2000\/svg\"><path d=\"M148 288h-40c-6.6 0-12-5.4-12-12v-40c0-6.6 5.4-12 12-12h40c6.6 0 12 5.4 12 12v40c0 6.6-5.4 12-12 12zm108-12v-40c0-6.6-5.4-12-12-12h-40c-6.6 0-12 5.4-12 12v40c0 6.6 5.4 12 12 12h40c6.6 0 12-5.4 12-12zm96 0v-40c0-6.6-5.4-12-12-12h-40c-6.6 0-12 5.4-12 12v40c0 6.6 5.4 12 12 12h40c6.6 0 12-5.4 12-12zm-96 96v-40c0-6.6-5.4-12-12-12h-40c-6.6 0-12 5.4-12 12v40c0 6.6 5.4 12 12 12h40c6.6 0 12-5.4 12-12zm-96 0v-40c0-6.6-5.4-12-12-12h-40c-6.6 0-12 5.4-12 12v40c0 6.6 5.4 12 12 12h40c6.6 0 12-5.4 12-12zm192 0v-40c0-6.6-5.4-12-12-12h-40c-6.6 0-12 5.4-12 12v40c0 6.6 5.4 12 12 12h40c6.6 0 12-5.4 12-12zm96-260v352c0 26.5-21.5 48-48 48H48c-26.5 0-48-21.5-48-48V112c0-26.5 21.5-48 48-48h48V12c0-6.6 5.4-12 12-12h40c6.6 0 12 5.4 12 12v52h128V12c0-6.6 5.4-12 12-12h40c6.6 0 12 5.4 12 12v52h48c26.5 0 48 21.5 48 48zm-48 346V160H48v298c0 3.3 2.7 6 6 6h340c3.3 0 6-2.7 6-6z\"><\/path><\/svg>\t\t\t<\/span>\n\t\t\t\t\t\t\t\t\t<span class=\"elementor-button-text\">Prendre rendez-vous<\/span>\n\t\t\t\t\t<\/span>\n\t\t\t\t\t<\/a>\n\t\t\t\t\t\t\t\t<\/div>\n\t\t\t\t<div class=\"elementor-element elementor-element-5baabb2 elementor-widget-divider--view-line elementor-widget elementor-widget-divider\" data-id=\"5baabb2\" data-element_type=\"widget\" data-e-type=\"widget\" data-widget_type=\"divider.default\">\n\t\t\t\t\t\t\t<div class=\"elementor-divider\">\n\t\t\t<span class=\"elementor-divider-separator\">\n\t\t\t\t\t\t<\/span>\n\t\t<\/div>\n\t\t\t\t\t\t<\/div>\n\t\t\t\t\t<\/div>\n\t\t\t\t<\/div>\n\t\t<div class=\"elementor-element elementor-element-579850e e-flex e-con-boxed e-con e-parent\" data-id=\"579850e\" data-element_type=\"container\" data-e-type=\"container\">\n\t\t\t\t\t<div class=\"e-con-inner\">\n\t\t\t\t<div class=\"elementor-element elementor-element-8acae78 elementor-widget elementor-widget-spacer\" data-id=\"8acae78\" data-element_type=\"widget\" data-e-type=\"widget\" data-widget_type=\"spacer.default\">\n\t\t\t\t\t\t\t<div class=\"elementor-spacer\">\n\t\t\t<div class=\"elementor-spacer-inner\"><\/div>\n\t\t<\/div>\n\t\t\t\t\t\t<\/div>\n\t\t\t\t\t<\/div>\n\t\t\t\t<\/div>\n\t\t<div class=\"elementor-element elementor-element-4a8f9f2 e-flex e-con-boxed e-con e-parent\" data-id=\"4a8f9f2\" data-element_type=\"container\" data-e-type=\"container\" data-settings=\"{&quot;background_background&quot;:&quot;classic&quot;}\">\n\t\t\t\t\t<div class=\"e-con-inner\">\n\t\t\t\t<div class=\"elementor-element elementor-element-48c514e elementor-widget elementor-widget-spacer\" data-id=\"48c514e\" data-element_type=\"widget\" data-e-type=\"widget\" data-widget_type=\"spacer.default\">\n\t\t\t\t\t\t\t<div class=\"elementor-spacer\">\n\t\t\t<div class=\"elementor-spacer-inner\"><\/div>\n\t\t<\/div>\n\t\t\t\t\t\t<\/div>\n\t\t\t\t<div class=\"elementor-element elementor-element-7065fc4 elementor-widget elementor-widget-text-editor\" data-id=\"7065fc4\" data-element_type=\"widget\" data-e-type=\"widget\" data-widget_type=\"text-editor.default\">\n\t\t\t\t\t\t\t\t\t<p>\u00a0Parce qu\u2019une proth\u00e8se capillaire n\u2019est pas un simple objet, mais un prolongement de soi.<\/p>\t\t\t\t\t\t\t\t<\/div>\n\t\t\t\t\t<\/div>\n\t\t\t\t<\/div>\n\t\t<div class=\"elementor-element elementor-element-fd29c6d e-flex e-con-boxed e-con e-parent\" data-id=\"fd29c6d\" data-element_type=\"container\" data-e-type=\"container\">\n\t\t\t\t\t<div class=\"e-con-inner\">\n\t\t\t\t<div class=\"elementor-element elementor-element-3103899 elementor-widget elementor-widget-spacer\" data-id=\"3103899\" data-element_type=\"widget\" data-e-type=\"widget\" data-widget_type=\"spacer.default\">\n\t\t\t\t\t\t\t<div class=\"elementor-spacer\">\n\t\t\t<div class=\"elementor-spacer-inner\"><\/div>\n\t\t<\/div>\n\t\t\t\t\t\t<\/div>\n\t\t\t\t\t<\/div>\n\t\t\t\t<\/div>\n\t\t<div class=\"elementor-element elementor-element-b279d58 e-grid e-con-boxed e-con e-parent\" data-id=\"b279d58\" data-element_type=\"container\" data-e-type=\"container\">\n\t\t\t\t\t<div class=\"e-con-inner\">\n\t\t\t\t<div class=\"elementor-element elementor-element-12c15fc elementor-widget elementor-widget-text-editor\" data-id=\"12c15fc\" data-element_type=\"widget\" data-e-type=\"widget\" data-widget_type=\"text-editor.default\">\n\t\t\t\t\t\t\t\t\t<h3 data-section-id=\"w8eltv\" data-start=\"1295\" data-end=\"1311\">R\u00e9paration<\/h3><p data-start=\"1312\" data-end=\"1365\">Prolonger la dur\u00e9e de vie et restaurer l\u2019\u00e9quilibre.<\/p>\t\t\t\t\t\t\t\t<\/div>\n\t\t\t\t<div class=\"elementor-element elementor-element-9e11e29 elementor-widget elementor-widget-text-editor\" data-id=\"9e11e29\" data-element_type=\"widget\" data-e-type=\"widget\" data-widget_type=\"text-editor.default\">\n\t\t\t\t\t\t\t\t\t<h3 data-section-id=\"1hwmkvs\" data-start=\"1367\" data-end=\"1382\">Nettoyage<\/h3><p data-start=\"1383\" data-end=\"1425\">Redonner douceur et l\u00e9g\u00e8ret\u00e9<br data-start=\"1411\" data-end=\"1414\" \/>\u00e0 la fibre.<\/p>\t\t\t\t\t\t\t\t<\/div>\n\t\t\t\t<div class=\"elementor-element elementor-element-a1a5e7b elementor-widget elementor-widget-text-editor\" data-id=\"a1a5e7b\" data-element_type=\"widget\" data-e-type=\"widget\" data-widget_type=\"text-editor.default\">\n\t\t\t\t\t\t\t\t\t<h3 data-section-id=\"1joyh7m\" data-start=\"1427\" data-end=\"1451\">Ajustement &amp; coupe<\/h3><p data-start=\"1452\" data-end=\"1502\">Adapter, harmoniser,<br data-start=\"1472\" data-end=\"1475\" \/>retrouver un rendu naturel.<\/p>\t\t\t\t\t\t\t\t<\/div>\n\t\t\t\t\t<\/div>\n\t\t\t\t<\/div>\n\t\t<div class=\"elementor-element elementor-element-dc2fefb e-flex e-con-boxed e-con e-parent\" data-id=\"dc2fefb\" data-element_type=\"container\" data-e-type=\"container\">\n\t\t\t\t\t<div class=\"e-con-inner\">\n\t\t\t\t<div class=\"elementor-element elementor-element-4afcf64 elementor-widget elementor-widget-spacer\" data-id=\"4afcf64\" data-element_type=\"widget\" data-e-type=\"widget\" data-widget_type=\"spacer.default\">\n\t\t\t\t\t\t\t<div class=\"elementor-spacer\">\n\t\t\t<div class=\"elementor-spacer-inner\"><\/div>\n\t\t<\/div>\n\t\t\t\t\t\t<\/div>\n\t\t\t\t\t<\/div>\n\t\t\t\t<\/div>\n\t\t<div class=\"elementor-element elementor-element-ffd2537 e-flex e-con-boxed e-con e-parent\" data-id=\"ffd2537\" data-element_type=\"container\" data-e-type=\"container\">\n\t\t\t\t\t<div class=\"e-con-inner\">\n\t\t\t\t<div class=\"elementor-element elementor-element-a4df2d5 elementor-widget elementor-widget-text-editor\" data-id=\"a4df2d5\" data-element_type=\"widget\" data-e-type=\"widget\" data-widget_type=\"text-editor.default\">\n\t\t\t\t\t\t\t\t\t<p data-start=\"1637\" data-end=\"1703\">Form\u00e9e au m\u00e9tier de la coiffure, j\u2019ai d\u00e9velopp\u00e9 un regard pr\u00e9cis sur la mati\u00e8re, la coupe et le mouvement.<\/p><p data-start=\"1705\" data-end=\"1784\">Les allergies m\u2019ont \u00e9loign\u00e9e du salon, mais pas de l\u2019essentiel : accompagner.<\/p><p data-start=\"1786\" data-end=\"1856\">Renaissance Capillaire est n\u00e9e de ce besoin de continuer, autrement.<\/p>\t\t\t\t\t\t\t\t<\/div>\n\t\t\t\t\t<\/div>\n\t\t\t\t<\/div>\n\t\t<div class=\"elementor-element elementor-element-0ac7fb3 e-flex e-con-boxed e-con e-parent\" data-id=\"0ac7fb3\" data-element_type=\"container\" data-e-type=\"container\">\n\t\t\t\t\t<div class=\"e-con-inner\">\n\t\t\t\t<div class=\"elementor-element elementor-element-254b82d elementor-widget elementor-widget-spacer\" data-id=\"254b82d\" data-element_type=\"widget\" data-e-type=\"widget\" data-widget_type=\"spacer.default\">\n\t\t\t\t\t\t\t<div class=\"elementor-spacer\">\n\t\t\t<div class=\"elementor-spacer-inner\"><\/div>\n\t\t<\/div>\n\t\t\t\t\t\t<\/div>\n\t\t\t\t\t<\/div>\n\t\t\t\t<\/div>\n\t\t<div class=\"elementor-element elementor-element-b781cf2 e-flex e-con-boxed e-con e-parent\" data-id=\"b781cf2\" data-element_type=\"container\" data-e-type=\"container\" data-settings=\"{&quot;background_background&quot;:&quot;classic&quot;}\">\n\t\t\t\t\t<div class=\"e-con-inner\">\n\t\t\t\t<div class=\"elementor-element elementor-element-1730222 elementor-widget-divider--view-line elementor-widget elementor-widget-divider\" data-id=\"1730222\" data-element_type=\"widget\" data-e-type=\"widget\" data-widget_type=\"divider.default\">\n\t\t\t\t\t\t\t<div class=\"elementor-divider\">\n\t\t\t<span class=\"elementor-divider-separator\">\n\t\t\t\t\t\t<\/span>\n\t\t<\/div>\n\t\t\t\t\t\t<\/div>\n\t\t\t\t<div class=\"elementor-element elementor-element-2dc3343 elementor-widget elementor-widget-text-editor\" data-id=\"2dc3343\" data-element_type=\"widget\" data-e-type=\"widget\" data-widget_type=\"text-editor.default\">\n\t\t\t\t\t\t\t\t\t<p>Prendre soin de sa proth\u00e8se, c\u2019est prendre soin de son reflet.<\/p>\t\t\t\t\t\t\t\t<\/div>\n\t\t\t\t<div class=\"elementor-element elementor-element-f919ed4 elementor-align-center elementor-widget elementor-widget-button\" data-id=\"f919ed4\" data-element_type=\"widget\" data-e-type=\"widget\" data-widget_type=\"button.default\">\n\t\t\t\t\t\t\t\t\t\t<a class=\"elementor-button elementor-button-link elementor-size-sm\" href=\"http:\/\/renaissancecapillaire.nekerasignature.com\/index.php\/contact-prendre-rdv\/\">\n\t\t\t\t\t\t<span class=\"elementor-button-content-wrapper\">\n\t\t\t\t\t\t\t\t\t<span class=\"elementor-button-text\">Prendre rendez-vous<\/span>\n\t\t\t\t\t<\/span>\n\t\t\t\t\t<\/a>\n\t\t\t\t\t\t\t\t<\/div>\n\t\t\t\t<div class=\"elementor-element elementor-element-d466203 elementor-widget-divider--view-line elementor-widget elementor-widget-divider\" data-id=\"d466203\" data-element_type=\"widget\" data-e-type=\"widget\" data-widget_type=\"divider.default\">\n\t\t\t\t\t\t\t<div class=\"elementor-divider\">\n\t\t\t<span class=\"elementor-divider-separator\">\n\t\t\t\t\t\t<\/span>\n\t\t<\/div>\n\t\t\t\t\t\t<\/div>\n\t\t\t\t\t<\/div>\n\t\t\t\t<\/div>\n\t\t\t\t<\/div>\n\t\t","protected":false},"excerpt":{"rendered":"<p>Renaissance Capillaire R\u00e9parer. Ajuster. Accompagner. Un espace confidentiel d\u00e9di\u00e9 \u00e0 la r\u00e9parationet \u00e0 l\u2019entretien de perruques. Prendre rendez-vous \u00a0Parce qu\u2019une [&hellip;]<\/p>\n","protected":false},"author":1,"featured_media":0,"parent":0,"menu_order":0,"comment_status":"closed","ping_status":"closed","template":"elementor_theme","meta":{"site-sidebar-layout":"no-sidebar","site-content-layout":"","ast-site-content-layout":"full-width-container","site-content-style":"default","site-sidebar-style":"default","ast-global-header-display":"","ast-banner-title-visibility":"","ast-main-header-display":"","ast-hfb-above-header-display":"","ast-hfb-below-header-display":"","ast-hfb-mobile-header-display":"","site-post-title":"disabled","ast-breadcrumbs-content":"","ast-featured-img":"disabled","footer-sml-layout":"","ast-disable-related-posts":"","theme-transparent-header-meta":"","adv-header-id-meta":"","stick-header-meta":"","header-above-stick-meta":"","header-main-stick-meta":"","header-below-stick-meta":"","astra-migrate-meta-layouts":"default","ast-page-background-enabled":"default","ast-page-background-meta":{"desktop":{"background-color":"var(--ast-global-color-5)","background-image":"","background-repeat":"repeat","background-position":"center center","background-size":"auto","background-attachment":"scroll","background-type":"","background-media":"","overlay-type":"","overlay-color":"","overlay-opacity":"","overlay-gradient":""},"tablet":{"background-color":"","background-image":"","background-repeat":"repeat","background-position":"center center","background-size":"auto","background-attachment":"scroll","background-type":"","background-media":"","overlay-type":"","overlay-color":"","overlay-opacity":"","overlay-gradient":""},"mobile":{"background-color":"","background-image":"","background-repeat":"repeat","background-position":"center center","background-size":"auto","background-attachment":"scroll","background-type":"","background-media":"","overlay-type":"","overlay-color":"","overlay-opacity":"","overlay-gradient":""}},"ast-content-background-meta":{"desktop":{"background-color":"var(--ast-global-color-4)","background-image":"","background-repeat":"repeat","background-position":"center center","background-size":"auto","background-attachment":"scroll","background-type":"","background-media":"","overlay-type":"","overlay-color":"","overlay-opacity":"","overlay-gradient":""},"tablet":{"background-color":"var(--ast-global-color-4)","background-image":"","background-repeat":"repeat","background-position":"center center","background-size":"auto","background-attachment":"scroll","background-type":"","background-media":"","overlay-type":"","overlay-color":"","overlay-opacity":"","overlay-gradient":""},"mobile":{"background-color":"var(--ast-global-color-4)","background-image":"","background-repeat":"repeat","background-position":"center center","background-size":"auto","background-attachment":"scroll","background-type":"","background-media":"","overlay-type":"","overlay-color":"","overlay-opacity":"","overlay-gradient":""}},"footnotes":""},"class_list":["post-34","page","type-page","status-publish","hentry"],"yoast_head":"<!-- This site is optimized with the Yoast SEO plugin v27.1.1 - https:\/\/yoast.com\/product\/yoast-seo-wordpress\/ -->\n<title>Accueil - Renaissance Capillaire<\/title>\n<meta name=\"robots\" content=\"index, follow, max-snippet:-1, max-image-preview:large, max-video-preview:-1\" \/>\n<link rel=\"canonical\" href=\"https:\/\/renaissancecapillaire.nekerasignature.com\/\" \/>\n<meta property=\"og:locale\" content=\"fr_FR\" \/>\n<meta property=\"og:type\" content=\"article\" \/>\n<meta property=\"og:title\" content=\"Accueil - Renaissance Capillaire\" \/>\n<meta property=\"og:description\" content=\"Renaissance Capillaire R\u00e9parer. Ajuster. Accompagner. Un espace confidentiel d\u00e9di\u00e9 \u00e0 la r\u00e9parationet \u00e0 l\u2019entretien de perruques. Prendre rendez-vous \u00a0Parce qu\u2019une [&hellip;]\" \/>\n<meta property=\"og:url\" content=\"https:\/\/renaissancecapillaire.nekerasignature.com\/\" \/>\n<meta property=\"og:site_name\" content=\"Renaissance Capillaire\" \/>\n<meta property=\"article:modified_time\" content=\"2026-03-20T14:10:10+00:00\" \/>\n<meta name=\"twitter:card\" content=\"summary_large_image\" \/>\n<meta name=\"twitter:label1\" content=\"Dur\u00e9e de lecture estim\u00e9e\" \/>\n\t<meta name=\"twitter:data1\" content=\"1 minute\" \/>\n<script type=\"application\/ld+json\" class=\"yoast-schema-graph\">{\"@context\":\"https:\/\/schema.org\",\"@graph\":[{\"@type\":\"WebPage\",\"@id\":\"https:\/\/renaissancecapillaire.nekerasignature.com\/\",\"url\":\"https:\/\/renaissancecapillaire.nekerasignature.com\/\",\"name\":\"Accueil - Renaissance Capillaire\",\"isPartOf\":{\"@id\":\"https:\/\/renaissancecapillaire.nekerasignature.com\/#website\"},\"datePublished\":\"2026-03-07T16:41:21+00:00\",\"dateModified\":\"2026-03-20T14:10:10+00:00\",\"breadcrumb\":{\"@id\":\"https:\/\/renaissancecapillaire.nekerasignature.com\/#breadcrumb\"},\"inLanguage\":\"fr-FR\",\"potentialAction\":[{\"@type\":\"ReadAction\",\"target\":[\"https:\/\/renaissancecapillaire.nekerasignature.com\/\"]}]},{\"@type\":\"BreadcrumbList\",\"@id\":\"https:\/\/renaissancecapillaire.nekerasignature.com\/#breadcrumb\",\"itemListElement\":[{\"@type\":\"ListItem\",\"position\":1,\"name\":\"Accueil\",\"item\":\"https:\/\/renaissancecapillaire.nekerasignature.com\/\"},{\"@type\":\"ListItem\",\"position\":2,\"name\":\"Accueil\"}]},{\"@type\":\"WebSite\",\"@id\":\"https:\/\/renaissancecapillaire.nekerasignature.com\/#website\",\"url\":\"https:\/\/renaissancecapillaire.nekerasignature.com\/\",\"name\":\"Renaissance Capillaire\",\"description\":\"\",\"publisher\":{\"@id\":\"https:\/\/renaissancecapillaire.nekerasignature.com\/#organization\"},\"potentialAction\":[{\"@type\":\"SearchAction\",\"target\":{\"@type\":\"EntryPoint\",\"urlTemplate\":\"https:\/\/renaissancecapillaire.nekerasignature.com\/?s={search_term_string}\"},\"query-input\":{\"@type\":\"PropertyValueSpecification\",\"valueRequired\":true,\"valueName\":\"search_term_string\"}}],\"inLanguage\":\"fr-FR\"},{\"@type\":\"Organization\",\"@id\":\"https:\/\/renaissancecapillaire.nekerasignature.com\/#organization\",\"name\":\"Renaissance Capillaire\",\"url\":\"https:\/\/renaissancecapillaire.nekerasignature.com\/\",\"logo\":{\"@type\":\"ImageObject\",\"inLanguage\":\"fr-FR\",\"@id\":\"https:\/\/renaissancecapillaire.nekerasignature.com\/#\/schema\/logo\/image\/\",\"url\":\"http:\/\/renaissancecapillaire.nekerasignature.com\/wp-content\/uploads\/2026\/03\/cropped-ChatGPT_Image_6_mars_2026__10_50_48-removebg-preview-monochrome-1.png\",\"contentUrl\":\"http:\/\/renaissancecapillaire.nekerasignature.com\/wp-content\/uploads\/2026\/03\/cropped-ChatGPT_Image_6_mars_2026__10_50_48-removebg-preview-monochrome-1.png\",\"width\":181,\"height\":280,\"caption\":\"Renaissance Capillaire\"},\"image\":{\"@id\":\"https:\/\/renaissancecapillaire.nekerasignature.com\/#\/schema\/logo\/image\/\"}}]}<\/script>\n<!-- \/ Yoast SEO plugin. -->","yoast_head_json":{"title":"Accueil - Renaissance Capillaire","robots":{"index":"index","follow":"follow","max-snippet":"max-snippet:-1","max-image-preview":"max-image-preview:large","max-video-preview":"max-video-preview:-1"},"canonical":"https:\/\/renaissancecapillaire.nekerasignature.com\/","og_locale":"fr_FR","og_type":"article","og_title":"Accueil - Renaissance Capillaire","og_description":"Renaissance Capillaire R\u00e9parer. Ajuster. Accompagner. Un espace confidentiel d\u00e9di\u00e9 \u00e0 la r\u00e9parationet \u00e0 l\u2019entretien de perruques. Prendre rendez-vous \u00a0Parce qu\u2019une [&hellip;]","og_url":"https:\/\/renaissancecapillaire.nekerasignature.com\/","og_site_name":"Renaissance Capillaire","article_modified_time":"2026-03-20T14:10:10+00:00","twitter_card":"summary_large_image","twitter_misc":{"Dur\u00e9e de lecture estim\u00e9e":"1 minute"},"schema":{"@context":"https:\/\/schema.org","@graph":[{"@type":"WebPage","@id":"https:\/\/renaissancecapillaire.nekerasignature.com\/","url":"https:\/\/renaissancecapillaire.nekerasignature.com\/","name":"Accueil - Renaissance Capillaire","isPartOf":{"@id":"https:\/\/renaissancecapillaire.nekerasignature.com\/#website"},"datePublished":"2026-03-07T16:41:21+00:00","dateModified":"2026-03-20T14:10:10+00:00","breadcrumb":{"@id":"https:\/\/renaissancecapillaire.nekerasignature.com\/#breadcrumb"},"inLanguage":"fr-FR","potentialAction":[{"@type":"ReadAction","target":["https:\/\/renaissancecapillaire.nekerasignature.com\/"]}]},{"@type":"BreadcrumbList","@id":"https:\/\/renaissancecapillaire.nekerasignature.com\/#breadcrumb","itemListElement":[{"@type":"ListItem","position":1,"name":"Accueil","item":"https:\/\/renaissancecapillaire.nekerasignature.com\/"},{"@type":"ListItem","position":2,"name":"Accueil"}]},{"@type":"WebSite","@id":"https:\/\/renaissancecapillaire.nekerasignature.com\/#website","url":"https:\/\/renaissancecapillaire.nekerasignature.com\/","name":"Renaissance Capillaire","description":"","publisher":{"@id":"https:\/\/renaissancecapillaire.nekerasignature.com\/#organization"},"potentialAction":[{"@type":"SearchAction","target":{"@type":"EntryPoint","urlTemplate":"https:\/\/renaissancecapillaire.nekerasignature.com\/?s={search_term_string}"},"query-input":{"@type":"PropertyValueSpecification","valueRequired":true,"valueName":"search_term_string"}}],"inLanguage":"fr-FR"},{"@type":"Organization","@id":"https:\/\/renaissancecapillaire.nekerasignature.com\/#organization","name":"Renaissance Capillaire","url":"https:\/\/renaissancecapillaire.nekerasignature.com\/","logo":{"@type":"ImageObject","inLanguage":"fr-FR","@id":"https:\/\/renaissancecapillaire.nekerasignature.com\/#\/schema\/logo\/image\/","url":"http:\/\/renaissancecapillaire.nekerasignature.com\/wp-content\/uploads\/2026\/03\/cropped-ChatGPT_Image_6_mars_2026__10_50_48-removebg-preview-monochrome-1.png","contentUrl":"http:\/\/renaissancecapillaire.nekerasignature.com\/wp-content\/uploads\/2026\/03\/cropped-ChatGPT_Image_6_mars_2026__10_50_48-removebg-preview-monochrome-1.png","width":181,"height":280,"caption":"Renaissance Capillaire"},"image":{"@id":"https:\/\/renaissancecapillaire.nekerasignature.com\/#\/schema\/logo\/image\/"}}]}},"_links":{"self":[{"href":"http:\/\/renaissancecapillaire.nekerasignature.com\/index.php\/wp-json\/wp\/v2\/pages\/34","targetHints":{"allow":["GET"]}}],"collection":[{"href":"http:\/\/renaissancecapillaire.nekerasignature.com\/index.php\/wp-json\/wp\/v2\/pages"}],"about":[{"href":"http:\/\/renaissancecapillaire.nekerasignature.com\/index.php\/wp-json\/wp\/v2\/types\/page"}],"author":[{"embeddable":true,"href":"http:\/\/renaissancecapillaire.nekerasignature.com\/index.php\/wp-json\/wp\/v2\/users\/1"}],"replies":[{"embeddable":true,"href":"http:\/\/renaissancecapillaire.nekerasignature.com\/index.php\/wp-json\/wp\/v2\/comments?post=34"}],"version-history":[{"count":25,"href":"http:\/\/renaissancecapillaire.nekerasignature.com\/index.php\/wp-json\/wp\/v2\/pages\/34\/revisions"}],"predecessor-version":[{"id":181,"href":"http:\/\/renaissancecapillaire.nekerasignature.com\/index.php\/wp-json\/wp\/v2\/pages\/34\/revisions\/181"}],"wp:attachment":[{"href":"http:\/\/renaissancecapillaire.nekerasignature.com\/index.php\/wp-json\/wp\/v2\/media?parent=34"}],"curies":[{"name":"wp","href":"https:\/\/api.w.org\/{rel}","templated":true}]}}